{"id":934,"date":"2025-04-22T13:35:49","date_gmt":"2025-04-22T13:35:49","guid":{"rendered":"https:\/\/villadocomendador.com.br\/app\/?page_id=934"},"modified":"2025-04-23T12:55:42","modified_gmt":"2025-04-23T12:55:42","slug":"promo","status":"publish","type":"page","link":"https:\/\/villadocomendador.com.br\/app\/promo\/","title":{"rendered":"PROMO"},"content":{"rendered":"\t\t<div data-elementor-type=\"wp-page\" data-elementor-id=\"934\" class=\"elementor elementor-934\" data-elementor-post-type=\"page\">\n\t\t\t\t<div class=\"elementor-element elementor-element-09d13c6 e-flex e-con-boxed e-con e-parent\" data-id=\"09d13c6\" data-element_type=\"container\" data-e-type=\"container\">\n\t\t\t\t\t<div class=\"e-con-inner\">\n\t\t\t\t<div class=\"elementor-element elementor-element-278c111 elementor-pagination-type-bullets elementor-arrows-position-inside elementor-pagination-position-outside elementor-widget elementor-widget-n-carousel\" data-id=\"278c111\" data-element_type=\"widget\" data-e-type=\"widget\" data-settings=\"{&quot;carousel_items&quot;:[{&quot;slide_title&quot;:&quot;Slide #1&quot;,&quot;_id&quot;:&quot;0a67c54&quot;},{&quot;slide_title&quot;:&quot;Slide #3&quot;,&quot;_id&quot;:&quot;4c3e4ce&quot;}],&quot;slides_to_show&quot;:&quot;1&quot;,&quot;slides_to_scroll_mobile&quot;:&quot;1&quot;,&quot;autoplay_speed&quot;:3000,&quot;slides_to_show_tablet&quot;:&quot;2&quot;,&quot;slides_to_show_mobile&quot;:&quot;1&quot;,&quot;autoplay&quot;:&quot;yes&quot;,&quot;pause_on_hover&quot;:&quot;yes&quot;,&quot;pause_on_interaction&quot;:&quot;yes&quot;,&quot;infinite&quot;:&quot;yes&quot;,&quot;speed&quot;:500,&quot;offset_sides&quot;:&quot;none&quot;,&quot;arrows&quot;:&quot;yes&quot;,&quot;pagination&quot;:&quot;bullets&quot;,&quot;image_spacing_custom&quot;:{&quot;unit&quot;:&quot;px&quot;,&quot;size&quot;:10,&quot;sizes&quot;:[]},&quot;image_spacing_custom_tablet&quot;:{&quot;unit&quot;:&quot;px&quot;,&quot;size&quot;:&quot;&quot;,&quot;sizes&quot;:[]},&quot;image_spacing_custom_mobile&quot;:{&quot;unit&quot;:&quot;px&quot;,&quot;size&quot;:&quot;&quot;,&quot;sizes&quot;:[]}}\" data-widget_type=\"nested-carousel.default\">\n\t\t\t\t<div class=\"elementor-widget-container\">\n\t\t\t\t\t\t\t<div class=\"e-n-carousel swiper\" role=\"region\" aria-roledescription=\"carousel\" aria-label=\"Carrossel\" dir=\"ltr\">\n\t\t\t<div class=\"swiper-wrapper\" aria-live=\"off\">\n\t\t\t\t\t\t\t\t\t\t<div class=\"swiper-slide\" data-slide=\"1\" role=\"group\" aria-roledescription=\"slide\" aria-label=\"1 de 2\">\n\t\t\t\t\t\t\t<div class=\"elementor-element elementor-element-ac5e790 e-flex e-con-boxed e-con e-child\" data-id=\"ac5e790\" data-element_type=\"container\" data-e-type=\"container\">\n\t\t\t\t\t<div class=\"e-con-inner\">\n\t\t<div class=\"elementor-element elementor-element-9c29cec e-con-full e-flex e-con e-child\" data-id=\"9c29cec\" data-element_type=\"container\" data-e-type=\"container\" data-settings=\"{&quot;background_background&quot;:&quot;classic&quot;}\">\n\t\t<div class=\"elementor-element elementor-element-d33f80b e-con-full e-flex e-con e-child\" data-id=\"d33f80b\" data-element_type=\"container\" data-e-type=\"container\" data-settings=\"{&quot;animation_mobile&quot;:&quot;none&quot;}\">\n\t\t\t\t<div class=\"elementor-element elementor-element-e68e2ac elementor-view-default elementor-widget elementor-widget-icon\" data-id=\"e68e2ac\" data-element_type=\"widget\" data-e-type=\"widget\" data-widget_type=\"icon.default\">\n\t\t\t\t<div class=\"elementor-widget-container\">\n\t\t\t\t\t\t\t<div class=\"elementor-icon-wrapper\">\n\t\t\t<div class=\"elementor-icon\">\n\t\t\t<svg xmlns=\"http:\/\/www.w3.org\/2000\/svg\" width=\"800px\" height=\"800px\" viewBox=\"0 0 24 24\" id=\"Layer_1\" data-name=\"Layer 1\"><defs><style>.cls-1{fill:none;stroke:#020202;stroke-miterlimit:10;stroke-width:1.91px;}<\/style><\/defs><path class=\"cls-1\" d=\"M21.19,13.16a4.21,4.21,0,0,1,.36,1.7,4.3,4.3,0,0,1-4.3,4.3H6.75a4.29,4.29,0,0,1-4.3-4.3,4.21,4.21,0,0,1,.36-1.7\"><\/path><path class=\"cls-1\" d=\"M9.14,12.61c-2.72.24-5,.71-6.33.55C2,13.08,1.5,12.75,1.5,12c0-2,3.23-4.94,7.64-5.89\"><\/path><path class=\"cls-1\" d=\"M14.86,6.11C19.27,7.06,22.5,10,22.5,12c0,.75-.48,1.08-1.31,1.16-1.33.16-3.61-.31-6.33-.55\"><\/path><path class=\"cls-1\" d=\"M10,4.84H14a.83.83,0,0,1,.83.83V19.16a0,0,0,0,1,0,0H9.14a0,0,0,0,1,0,0V5.67A.83.83,0,0,1,10,4.84Z\"><\/path><line class=\"cls-1\" x1=\"18.68\" y1=\"10.57\" x2=\"18.68\" y2=\"7.7\"><\/line><line class=\"cls-1\" x1=\"5.32\" y1=\"10.57\" x2=\"5.32\" y2=\"7.7\"><\/line><\/svg>\t\t\t<\/div>\n\t\t<\/div>\n\t\t\t\t\t\t<\/div>\n\t\t\t\t<\/div>\n\t\t\t\t<div class=\"elementor-element elementor-element-16e9a84 elementor-widget elementor-widget-heading\" data-id=\"16e9a84\" data-element_type=\"widget\" data-e-type=\"widget\" data-widget_type=\"heading.default\">\n\t\t\t\t<div class=\"elementor-widget-container\">\n\t\t\t\t\t<h2 class=\"elementor-heading-title elementor-size-default\">Hoje \u00e9 dia de<\/h2>\t\t\t\t<\/div>\n\t\t\t\t<\/div>\n\t\t\t\t<div class=\"elementor-element elementor-element-ce55387 elementor-widget elementor-widget-heading\" data-id=\"ce55387\" data-element_type=\"widget\" data-e-type=\"widget\" data-widget_type=\"heading.default\">\n\t\t\t\t<div class=\"elementor-widget-container\">\n\t\t\t\t\t<h2 class=\"elementor-heading-title elementor-size-default\">Promo\u00e7\u00e3o<\/h2>\t\t\t\t<\/div>\n\t\t\t\t<\/div>\n\t\t\t\t<div class=\"elementor-element elementor-element-9859d48 elementor-mobile-align-center elementor-widget elementor-widget-button\" data-id=\"9859d48\" data-element_type=\"widget\" data-e-type=\"widget\" data-widget_type=\"button.default\">\n\t\t\t\t<div class=\"elementor-widget-container\">\n\t\t\t\t\t\t\t\t\t<div class=\"elementor-button-wrapper\">\n\t\t\t\t\t<a class=\"elementor-button elementor-button-link elementor-size-sm\" href=\"#\">\n\t\t\t\t\t\t<span class=\"elementor-button-content-wrapper\">\n\t\t\t\t\t\t\t\t\t<span class=\"elementor-button-text\">exclusiva<\/span>\n\t\t\t\t\t<\/span>\n\t\t\t\t\t<\/a>\n\t\t\t\t<\/div>\n\t\t\t\t\t\t\t\t<\/div>\n\t\t\t\t<\/div>\n\t\t\t\t<\/div>\n\t\t<div class=\"elementor-element elementor-element-4191602 e-con-full e-flex e-con e-child\" data-id=\"4191602\" data-element_type=\"container\" data-e-type=\"container\" data-settings=\"{&quot;animation_mobile&quot;:&quot;none&quot;}\">\n\t\t\t\t<div class=\"elementor-element elementor-element-3b606dc elementor-widget elementor-widget-image\" data-id=\"3b606dc\" data-element_type=\"widget\" data-e-type=\"widget\" data-settings=\"{&quot;_animation_mobile&quot;:&quot;bounceIn&quot;}\" data-widget_type=\"image.default\">\n\t\t\t\t<div class=\"elementor-widget-container\">\n\t\t\t\t\t\t\t\t\t\t\t\t\t\t\t<img fetchpriority=\"high\" decoding=\"async\" width=\"1462\" height=\"864\" src=\"https:\/\/villadocomendador.com.br\/app\/wp-content\/uploads\/2025\/04\/sushi-entrada.png\" class=\"attachment-full size-full wp-image-652\" alt=\"\" srcset=\"https:\/\/villadocomendador.com.br\/app\/wp-content\/uploads\/2025\/04\/sushi-entrada.png 1462w, https:\/\/villadocomendador.com.br\/app\/wp-content\/uploads\/2025\/04\/sushi-entrada-300x177.png 300w, https:\/\/villadocomendador.com.br\/app\/wp-content\/uploads\/2025\/04\/sushi-entrada-1024x605.png 1024w, https:\/\/villadocomendador.com.br\/app\/wp-content\/uploads\/2025\/04\/sushi-entrada-768x454.png 768w\" sizes=\"(max-width: 1462px) 100vw, 1462px\" \/>\t\t\t\t\t\t\t\t\t\t\t\t\t\t\t<\/div>\n\t\t\t\t<\/div>\n\t\t<div class=\"elementor-element elementor-element-5b5b884 e-con-full e-flex e-con e-child\" data-id=\"5b5b884\" data-element_type=\"container\" data-e-type=\"container\">\n\t\t\t\t<div class=\"elementor-element elementor-element-25feca8 elementor-widget elementor-widget-heading\" data-id=\"25feca8\" data-element_type=\"widget\" data-e-type=\"widget\" data-widget_type=\"heading.default\">\n\t\t\t\t<div class=\"elementor-widget-container\">\n\t\t\t\t\t<h2 class=\"elementor-heading-title elementor-size-default\">reservando no TsuJiro<\/h2>\t\t\t\t<\/div>\n\t\t\t\t<\/div>\n\t\t\t\t<div class=\"elementor-element elementor-element-90b2e7d elementor-widget elementor-widget-heading\" data-id=\"90b2e7d\" data-element_type=\"widget\" data-e-type=\"widget\" data-widget_type=\"heading.default\">\n\t\t\t\t<div class=\"elementor-widget-container\">\n\t\t\t\t\t<h2 class=\"elementor-heading-title elementor-size-default\">VOC\u00ca GANHA<\/h2>\t\t\t\t<\/div>\n\t\t\t\t<\/div>\n\t\t\t\t<div class=\"elementor-element elementor-element-30dd1b0 elementor-widget elementor-widget-heading\" data-id=\"30dd1b0\" data-element_type=\"widget\" data-e-type=\"widget\" data-widget_type=\"heading.default\">\n\t\t\t\t<div class=\"elementor-widget-container\">\n\t\t\t\t\t<h2 class=\"elementor-heading-title elementor-size-default\">entrada do dia!<\/h2>\t\t\t\t<\/div>\n\t\t\t\t<\/div>\n\t\t\t\t<div class=\"elementor-element elementor-element-b3e0822 elementor-widget elementor-widget-text-editor\" data-id=\"b3e0822\" data-element_type=\"widget\" data-e-type=\"widget\" data-widget_type=\"text-editor.default\">\n\t\t\t\t<div class=\"elementor-widget-container\">\n\t\t\t\t\t\t\t\t\t<p>*Imagem utilizada apenas para fins ilustrativos.<\/p>\t\t\t\t\t\t\t\t<\/div>\n\t\t\t\t<\/div>\n\t\t\t\t<div class=\"elementor-element elementor-element-21f42d4 elementor-widget elementor-widget-button\" data-id=\"21f42d4\" data-element_type=\"widget\" data-e-type=\"widget\" data-widget_type=\"button.default\">\n\t\t\t\t<div class=\"elementor-widget-container\">\n\t\t\t\t\t\t\t\t\t<div class=\"elementor-button-wrapper\">\n\t\t\t\t\t<a class=\"elementor-button elementor-button-link elementor-size-sm\" href=\"https:\/\/api.whatsapp.com\/send?phone=556293766264\">\n\t\t\t\t\t\t<span class=\"elementor-button-content-wrapper\">\n\t\t\t\t\t\t<span class=\"elementor-button-icon\">\n\t\t\t\t<svg aria-hidden=\"true\" class=\"e-font-icon-svg e-fab-whatsapp\" viewBox=\"0 0 448 512\" xmlns=\"http:\/\/www.w3.org\/2000\/svg\"><path d=\"M380.9 97.1C339 55.1 283.2 32 223.9 32c-122.4 0-222 99.6-222 222 0 39.1 10.2 77.3 29.6 111L0 480l117.7-30.9c32.4 17.7 68.9 27 106.1 27h.1c122.3 0 224.1-99.6 224.1-222 0-59.3-25.2-115-67.1-157zm-157 341.6c-33.2 0-65.7-8.9-94-25.7l-6.7-4-69.8 18.3L72 359.2l-4.4-7c-18.5-29.4-28.2-63.3-28.2-98.2 0-101.7 82.8-184.5 184.6-184.5 49.3 0 95.6 19.2 130.4 54.1 34.8 34.9 56.2 81.2 56.1 130.5 0 101.8-84.9 184.6-186.6 184.6zm101.2-138.2c-5.5-2.8-32.8-16.2-37.9-18-5.1-1.9-8.8-2.8-12.5 2.8-3.7 5.6-14.3 18-17.6 21.8-3.2 3.7-6.5 4.2-12 1.4-32.6-16.3-54-29.1-75.5-66-5.7-9.8 5.7-9.1 16.3-30.3 1.8-3.7.9-6.9-.5-9.7-1.4-2.8-12.5-30.1-17.1-41.2-4.5-10.8-9.1-9.3-12.5-9.5-3.2-.2-6.9-.2-10.6-.2-3.7 0-9.7 1.4-14.8 6.9-5.1 5.6-19.4 19-19.4 46.3 0 27.3 19.9 53.7 22.6 57.4 2.8 3.7 39.1 59.7 94.8 83.8 35.2 15.2 49 16.5 66.6 13.9 10.7-1.6 32.8-13.4 37.4-26.4 4.6-13 4.6-24.1 3.2-26.4-1.3-2.5-5-3.9-10.5-6.6z\"><\/path><\/svg>\t\t\t<\/span>\n\t\t\t\t\t\t\t\t\t<span class=\"elementor-button-text\">Reservar<\/span>\n\t\t\t\t\t<\/span>\n\t\t\t\t\t<\/a>\n\t\t\t\t<\/div>\n\t\t\t\t\t\t\t\t<\/div>\n\t\t\t\t<\/div>\n\t\t\t\t<div class=\"elementor-element elementor-element-c8c8d24 elementor-widget elementor-widget-image\" data-id=\"c8c8d24\" data-element_type=\"widget\" data-e-type=\"widget\" data-widget_type=\"image.default\">\n\t\t\t\t<div class=\"elementor-widget-container\">\n\t\t\t\t\t\t\t\t\t\t\t\t\t\t\t<img decoding=\"async\" width=\"800\" height=\"214\" src=\"https:\/\/villadocomendador.com.br\/app\/wp-content\/uploads\/2025\/04\/Logo-Tsu-Jiro-sushi-1024x274.png\" class=\"attachment-large size-large wp-image-1004\" alt=\"\" srcset=\"https:\/\/villadocomendador.com.br\/app\/wp-content\/uploads\/2025\/04\/Logo-Tsu-Jiro-sushi-1024x274.png 1024w, https:\/\/villadocomendador.com.br\/app\/wp-content\/uploads\/2025\/04\/Logo-Tsu-Jiro-sushi-300x80.png 300w, https:\/\/villadocomendador.com.br\/app\/wp-content\/uploads\/2025\/04\/Logo-Tsu-Jiro-sushi-768x205.png 768w, https:\/\/villadocomendador.com.br\/app\/wp-content\/uploads\/2025\/04\/Logo-Tsu-Jiro-sushi-1536x410.png 1536w, https:\/\/villadocomendador.com.br\/app\/wp-content\/uploads\/2025\/04\/Logo-Tsu-Jiro-sushi-2048x547.png 2048w\" sizes=\"(max-width: 800px) 100vw, 800px\" \/>\t\t\t\t\t\t\t\t\t\t\t\t\t\t\t<\/div>\n\t\t\t\t<\/div>\n\t\t\t\t<\/div>\n\t\t\t\t<\/div>\n\t\t\t\t<\/div>\n\t\t\t\t\t<\/div>\n\t\t\t\t<\/div>\n\t\t\t\t\t\t\t\t<\/div>\n\t\t\t\t\t\t\t\t\t\t\t<div class=\"swiper-slide\" data-slide=\"2\" role=\"group\" aria-roledescription=\"slide\" aria-label=\"2 de 2\">\n\t\t\t\t\t\t\t<div class=\"elementor-element elementor-element-e5537e0 e-flex e-con-boxed e-con e-child\" data-id=\"e5537e0\" data-element_type=\"container\" data-e-type=\"container\">\n\t\t\t\t\t<div class=\"e-con-inner\">\n\t\t<div class=\"elementor-element elementor-element-299f7e7 e-con-full e-flex e-con e-child\" data-id=\"299f7e7\" data-element_type=\"container\" data-e-type=\"container\" data-settings=\"{&quot;background_background&quot;:&quot;classic&quot;}\">\n\t\t<div class=\"elementor-element elementor-element-22ec078 e-con-full e-flex e-con e-child\" data-id=\"22ec078\" data-element_type=\"container\" data-e-type=\"container\" data-settings=\"{&quot;animation_mobile&quot;:&quot;none&quot;}\">\n\t\t<div class=\"elementor-element elementor-element-6a2a487 e-con-full e-flex e-con e-child\" data-id=\"6a2a487\" data-element_type=\"container\" data-e-type=\"container\">\n\t\t\t\t<div class=\"elementor-element elementor-element-e76c5d0 elementor-widget elementor-widget-heading\" data-id=\"e76c5d0\" data-element_type=\"widget\" data-e-type=\"widget\" data-widget_type=\"heading.default\">\n\t\t\t\t<div class=\"elementor-widget-container\">\n\t\t\t\t\t<h2 class=\"elementor-heading-title elementor-size-default\">Viva essa<\/h2>\t\t\t\t<\/div>\n\t\t\t\t<\/div>\n\t\t\t\t<div class=\"elementor-element elementor-element-319173a elementor-widget elementor-widget-heading\" data-id=\"319173a\" data-element_type=\"widget\" data-e-type=\"widget\" data-widget_type=\"heading.default\">\n\t\t\t\t<div class=\"elementor-widget-container\">\n\t\t\t\t\t<h2 class=\"elementor-heading-title elementor-size-default\">Experi\u00eancia<\/h2>\t\t\t\t<\/div>\n\t\t\t\t<\/div>\n\t\t\t\t<div class=\"elementor-element elementor-element-0068741 elementor-widget elementor-widget-image\" data-id=\"0068741\" data-element_type=\"widget\" data-e-type=\"widget\" data-widget_type=\"image.default\">\n\t\t\t\t<div class=\"elementor-widget-container\">\n\t\t\t\t\t\t\t\t\t\t\t\t\t\t\t<img decoding=\"async\" width=\"632\" height=\"507\" src=\"https:\/\/villadocomendador.com.br\/app\/wp-content\/uploads\/2025\/04\/SPA-1.png\" class=\"attachment-large size-large wp-image-963\" alt=\"\" srcset=\"https:\/\/villadocomendador.com.br\/app\/wp-content\/uploads\/2025\/04\/SPA-1.png 632w, https:\/\/villadocomendador.com.br\/app\/wp-content\/uploads\/2025\/04\/SPA-1-300x241.png 300w\" sizes=\"(max-width: 632px) 100vw, 632px\" \/>\t\t\t\t\t\t\t\t\t\t\t\t\t\t\t<\/div>\n\t\t\t\t<\/div>\n\t\t\t\t<\/div>\n\t\t<div class=\"elementor-element elementor-element-d9fd680 e-con-full e-flex e-con e-child\" data-id=\"d9fd680\" data-element_type=\"container\" data-e-type=\"container\">\n\t\t\t\t<div class=\"elementor-element elementor-element-b889fd7 elementor-widget elementor-widget-heading\" data-id=\"b889fd7\" data-element_type=\"widget\" data-e-type=\"widget\" data-widget_type=\"heading.default\">\n\t\t\t\t<div class=\"elementor-widget-container\">\n\t\t\t\t\t<h2 class=\"elementor-heading-title elementor-size-default\">Oferecemos a voc\u00ea\n3 op\u00e7\u00f5es de cortesia.<\/h2>\t\t\t\t<\/div>\n\t\t\t\t<\/div>\n\t\t\t\t<div class=\"elementor-element elementor-element-69c7c41 elementor-widget elementor-widget-heading\" data-id=\"69c7c41\" data-element_type=\"widget\" data-e-type=\"widget\" data-widget_type=\"heading.default\">\n\t\t\t\t<div class=\"elementor-widget-container\">\n\t\t\t\t\t<h2 class=\"elementor-heading-title elementor-size-default\">ESCOLHA A SUA:<\/h2>\t\t\t\t<\/div>\n\t\t\t\t<\/div>\n\t\t\t\t<div class=\"elementor-element elementor-element-27c495e elementor-widget elementor-widget-heading\" data-id=\"27c495e\" data-element_type=\"widget\" data-e-type=\"widget\" data-widget_type=\"heading.default\">\n\t\t\t\t<div class=\"elementor-widget-container\">\n\t\t\t\t\t<h2 class=\"elementor-heading-title elementor-size-default\">01 ESCALDA P\u00c9S RELAXANTE.<\/h2>\t\t\t\t<\/div>\n\t\t\t\t<\/div>\n\t\t\t\t<div class=\"elementor-element elementor-element-0e6b3c8 elementor-widget-divider--view-line_icon elementor-view-default elementor-widget-divider--element-align-center elementor-widget elementor-widget-divider\" data-id=\"0e6b3c8\" data-element_type=\"widget\" data-e-type=\"widget\" data-widget_type=\"divider.default\">\n\t\t\t\t<div class=\"elementor-widget-container\">\n\t\t\t\t\t\t\t<div class=\"elementor-divider\">\n\t\t\t<span class=\"elementor-divider-separator\">\n\t\t\t\t\t\t\t<div class=\"elementor-icon elementor-divider__element\">\n\t\t\t\t\t<svg aria-hidden=\"true\" class=\"e-font-icon-svg e-fas-spa\" viewBox=\"0 0 576 512\" xmlns=\"http:\/\/www.w3.org\/2000\/svg\"><path d=\"M568.25 192c-29.04.13-135.01 6.16-213.84 83-33.12 29.63-53.36 63.3-66.41 94.86-13.05-31.56-33.29-65.23-66.41-94.86-78.83-76.84-184.8-82.87-213.84-83-4.41-.02-7.79 3.4-7.75 7.82.23 27.92 7.14 126.14 88.77 199.3C172.79 480.94 256 480 288 480s115.19.95 199.23-80.88c81.64-73.17 88.54-171.38 88.77-199.3.04-4.42-3.34-7.84-7.75-7.82zM287.98 302.6c12.82-18.85 27.6-35.78 44.09-50.52 19.09-18.61 39.58-33.3 60.26-45.18-16.44-70.5-51.72-133.05-96.73-172.22-4.11-3.58-11.02-3.58-15.14 0-44.99 39.14-80.27 101.63-96.74 172.07 20.37 11.7 40.5 26.14 59.22 44.39a282.768 282.768 0 0 1 45.04 51.46z\"><\/path><\/svg><\/div>\n\t\t\t\t\t\t<\/span>\n\t\t<\/div>\n\t\t\t\t\t\t<\/div>\n\t\t\t\t<\/div>\n\t\t\t\t<div class=\"elementor-element elementor-element-29663a0 elementor-widget elementor-widget-heading\" data-id=\"29663a0\" data-element_type=\"widget\" data-e-type=\"widget\" data-widget_type=\"heading.default\">\n\t\t\t\t<div class=\"elementor-widget-container\">\n\t\t\t\t\t<h2 class=\"elementor-heading-title elementor-size-default\">VALE DESCONTO DE 10% NAS MASSAGENS \nDO MENU DE SERVI\u00c7OS.<\/h2>\t\t\t\t<\/div>\n\t\t\t\t<\/div>\n\t\t\t\t<div class=\"elementor-element elementor-element-55b3dce elementor-widget-divider--view-line_icon elementor-view-default elementor-widget-divider--element-align-center elementor-widget elementor-widget-divider\" data-id=\"55b3dce\" data-element_type=\"widget\" data-e-type=\"widget\" data-widget_type=\"divider.default\">\n\t\t\t\t<div class=\"elementor-widget-container\">\n\t\t\t\t\t\t\t<div class=\"elementor-divider\">\n\t\t\t<span class=\"elementor-divider-separator\">\n\t\t\t\t\t\t\t<div class=\"elementor-icon elementor-divider__element\">\n\t\t\t\t\t<svg aria-hidden=\"true\" class=\"e-font-icon-svg e-fas-spa\" viewBox=\"0 0 576 512\" xmlns=\"http:\/\/www.w3.org\/2000\/svg\"><path d=\"M568.25 192c-29.04.13-135.01 6.16-213.84 83-33.12 29.63-53.36 63.3-66.41 94.86-13.05-31.56-33.29-65.23-66.41-94.86-78.83-76.84-184.8-82.87-213.84-83-4.41-.02-7.79 3.4-7.75 7.82.23 27.92 7.14 126.14 88.77 199.3C172.79 480.94 256 480 288 480s115.19.95 199.23-80.88c81.64-73.17 88.54-171.38 88.77-199.3.04-4.42-3.34-7.84-7.75-7.82zM287.98 302.6c12.82-18.85 27.6-35.78 44.09-50.52 19.09-18.61 39.58-33.3 60.26-45.18-16.44-70.5-51.72-133.05-96.73-172.22-4.11-3.58-11.02-3.58-15.14 0-44.99 39.14-80.27 101.63-96.74 172.07 20.37 11.7 40.5 26.14 59.22 44.39a282.768 282.768 0 0 1 45.04 51.46z\"><\/path><\/svg><\/div>\n\t\t\t\t\t\t<\/span>\n\t\t<\/div>\n\t\t\t\t\t\t<\/div>\n\t\t\t\t<\/div>\n\t\t\t\t<div class=\"elementor-element elementor-element-ba8e4b8 elementor-widget elementor-widget-heading\" data-id=\"ba8e4b8\" data-element_type=\"widget\" data-e-type=\"widget\" data-widget_type=\"heading.default\">\n\t\t\t\t<div class=\"elementor-widget-container\">\n\t\t\t\t\t<h2 class=\"elementor-heading-title elementor-size-default\">B\u00d4NUS DE ( 10 MIN ) NA COMPRA DE  \nQUALQUER  MASSAGEM NO MENU. <\/h2>\t\t\t\t<\/div>\n\t\t\t\t<\/div>\n\t\t\t\t<\/div>\n\t\t\t\t<div class=\"elementor-element elementor-element-28ac0c7 elementor-widget elementor-widget-button\" data-id=\"28ac0c7\" data-element_type=\"widget\" data-e-type=\"widget\" data-widget_type=\"button.default\">\n\t\t\t\t<div class=\"elementor-widget-container\">\n\t\t\t\t\t\t\t\t\t<div class=\"elementor-button-wrapper\">\n\t\t\t\t\t<a class=\"elementor-button elementor-button-link elementor-size-sm\" href=\"https:\/\/api.whatsapp.com\/send?phone=556292670540\">\n\t\t\t\t\t\t<span class=\"elementor-button-content-wrapper\">\n\t\t\t\t\t\t<span class=\"elementor-button-icon\">\n\t\t\t\t<svg aria-hidden=\"true\" class=\"e-font-icon-svg e-fab-whatsapp\" viewBox=\"0 0 448 512\" xmlns=\"http:\/\/www.w3.org\/2000\/svg\"><path d=\"M380.9 97.1C339 55.1 283.2 32 223.9 32c-122.4 0-222 99.6-222 222 0 39.1 10.2 77.3 29.6 111L0 480l117.7-30.9c32.4 17.7 68.9 27 106.1 27h.1c122.3 0 224.1-99.6 224.1-222 0-59.3-25.2-115-67.1-157zm-157 341.6c-33.2 0-65.7-8.9-94-25.7l-6.7-4-69.8 18.3L72 359.2l-4.4-7c-18.5-29.4-28.2-63.3-28.2-98.2 0-101.7 82.8-184.5 184.6-184.5 49.3 0 95.6 19.2 130.4 54.1 34.8 34.9 56.2 81.2 56.1 130.5 0 101.8-84.9 184.6-186.6 184.6zm101.2-138.2c-5.5-2.8-32.8-16.2-37.9-18-5.1-1.9-8.8-2.8-12.5 2.8-3.7 5.6-14.3 18-17.6 21.8-3.2 3.7-6.5 4.2-12 1.4-32.6-16.3-54-29.1-75.5-66-5.7-9.8 5.7-9.1 16.3-30.3 1.8-3.7.9-6.9-.5-9.7-1.4-2.8-12.5-30.1-17.1-41.2-4.5-10.8-9.1-9.3-12.5-9.5-3.2-.2-6.9-.2-10.6-.2-3.7 0-9.7 1.4-14.8 6.9-5.1 5.6-19.4 19-19.4 46.3 0 27.3 19.9 53.7 22.6 57.4 2.8 3.7 39.1 59.7 94.8 83.8 35.2 15.2 49 16.5 66.6 13.9 10.7-1.6 32.8-13.4 37.4-26.4 4.6-13 4.6-24.1 3.2-26.4-1.3-2.5-5-3.9-10.5-6.6z\"><\/path><\/svg>\t\t\t<\/span>\n\t\t\t\t\t\t\t\t\t<span class=\"elementor-button-text\">Reservar<\/span>\n\t\t\t\t\t<\/span>\n\t\t\t\t\t<\/a>\n\t\t\t\t<\/div>\n\t\t\t\t\t\t\t\t<\/div>\n\t\t\t\t<\/div>\n\t\t\t\t<div class=\"elementor-element elementor-element-b97ca6e elementor-widget elementor-widget-text-editor\" data-id=\"b97ca6e\" data-element_type=\"widget\" data-e-type=\"widget\" data-widget_type=\"text-editor.default\">\n\t\t\t\t<div class=\"elementor-widget-container\">\n\t\t\t\t\t\t\t\t\t<p>CONFIRA DISPONIBILIDADE E AGENDE!<\/p>\t\t\t\t\t\t\t\t<\/div>\n\t\t\t\t<\/div>\n\t\t\t\t<div class=\"elementor-element elementor-element-ba3177c elementor-widget elementor-widget-image\" data-id=\"ba3177c\" data-element_type=\"widget\" data-e-type=\"widget\" data-widget_type=\"image.default\">\n\t\t\t\t<div class=\"elementor-widget-container\">\n\t\t\t\t\t\t\t\t\t\t\t\t\t\t\t<img loading=\"lazy\" decoding=\"async\" width=\"270\" height=\"93\" src=\"https:\/\/villadocomendador.com.br\/app\/wp-content\/uploads\/2025\/04\/logo-spa.png\" class=\"attachment-large size-large wp-image-991\" alt=\"\" \/>\t\t\t\t\t\t\t\t\t\t\t\t\t\t\t<\/div>\n\t\t\t\t<\/div>\n\t\t\t\t<\/div>\n\t\t\t\t<\/div>\n\t\t\t\t\t<\/div>\n\t\t\t\t<\/div>\n\t\t\t\t\t\t\t\t<\/div>\n\t\t\t\t\t\t\t\t<\/div>\n\t\t<\/div>\n\t\t\t\t\t<div class=\"elementor-swiper-button elementor-swiper-button-prev\" role=\"button\" tabindex=\"0\" aria-label=\"Anterior\">\n\t\t\t\t<svg aria-hidden=\"true\" class=\"e-font-icon-svg e-eicon-chevron-left\" viewBox=\"0 0 1000 1000\" xmlns=\"http:\/\/www.w3.org\/2000\/svg\"><path d=\"M646 125C629 125 613 133 604 142L308 442C296 454 292 471 292 487 292 504 296 521 308 533L604 854C617 867 629 875 646 875 663 875 679 871 692 858 704 846 713 829 713 812 713 796 708 779 692 767L438 487 692 225C700 217 708 204 708 187 708 171 704 154 692 142 675 129 663 125 646 125Z\"><\/path><\/svg>\t\t\t<\/div>\n\t\t\t<div class=\"elementor-swiper-button elementor-swiper-button-next\" role=\"button\" tabindex=\"0\" aria-label=\"Pr\u00f3ximo\">\n\t\t\t\t<svg aria-hidden=\"true\" class=\"e-font-icon-svg e-eicon-chevron-right\" viewBox=\"0 0 1000 1000\" xmlns=\"http:\/\/www.w3.org\/2000\/svg\"><path d=\"M696 533C708 521 713 504 713 487 713 471 708 454 696 446L400 146C388 133 375 125 354 125 338 125 325 129 313 142 300 154 292 171 292 187 292 204 296 221 308 233L563 492 304 771C292 783 288 800 288 817 288 833 296 850 308 863 321 871 338 875 354 875 371 875 388 867 400 854L696 533Z\"><\/path><\/svg>\t\t\t<\/div>\n\t\t\t\t\t<div class=\"swiper-pagination\"><\/div>\n\t\t\t\t\t\t<\/div>\n\t\t\t\t<\/div>\n\t\t\t\t\t<\/div>\n\t\t\t\t<\/div>\n\t\t\t\t<\/div>\n\t\t","protected":false},"excerpt":{"rendered":"<p>Hoje \u00e9 dia de Promo\u00e7\u00e3o exclusiva reservando no TsuJiro VOC\u00ca GANHA entrada do dia! *Imagem utilizada apenas para fins ilustrativos. Reservar Viva essa Experi\u00eancia Oferecemos a voc\u00ea 3 op\u00e7\u00f5es de cortesia. ESCOLHA A SUA: 01 ESCALDA P\u00c9S RELAXANTE. VALE DESCONTO DE 10% NAS MASSAGENS DO MENU DE SERVI\u00c7OS. B\u00d4NUS DE ( 10 MIN ) NA [&hellip;]<\/p>\n","protected":false},"author":1,"featured_media":0,"parent":0,"menu_order":0,"comment_status":"closed","ping_status":"closed","template":"elementor_header_footer","meta":{"footnotes":""},"class_list":["post-934","page","type-page","status-publish","hentry"],"_links":{"self":[{"href":"https:\/\/villadocomendador.com.br\/app\/wp-json\/wp\/v2\/pages\/934","targetHints":{"allow":["GET"]}}],"collection":[{"href":"https:\/\/villadocomendador.com.br\/app\/wp-json\/wp\/v2\/pages"}],"about":[{"href":"https:\/\/villadocomendador.com.br\/app\/wp-json\/wp\/v2\/types\/page"}],"author":[{"embeddable":true,"href":"https:\/\/villadocomendador.com.br\/app\/wp-json\/wp\/v2\/users\/1"}],"replies":[{"embeddable":true,"href":"https:\/\/villadocomendador.com.br\/app\/wp-json\/wp\/v2\/comments?post=934"}],"version-history":[{"count":73,"href":"https:\/\/villadocomendador.com.br\/app\/wp-json\/wp\/v2\/pages\/934\/revisions"}],"predecessor-version":[{"id":1010,"href":"https:\/\/villadocomendador.com.br\/app\/wp-json\/wp\/v2\/pages\/934\/revisions\/1010"}],"wp:attachment":[{"href":"https:\/\/villadocomendador.com.br\/app\/wp-json\/wp\/v2\/media?parent=934"}],"curies":[{"name":"wp","href":"https:\/\/api.w.org\/{rel}","templated":true}]}}