{"id":446,"date":"2025-04-02T18:50:03","date_gmt":"2025-04-02T18:50:03","guid":{"rendered":"https:\/\/villadocomendador.com.br\/app\/?page_id=446"},"modified":"2025-04-03T18:58:59","modified_gmt":"2025-04-03T18:58:59","slug":"room-service","status":"publish","type":"page","link":"https:\/\/villadocomendador.com.br\/app\/room-service\/","title":{"rendered":"Room Service"},"content":{"rendered":"\t\t<div data-elementor-type=\"wp-page\" data-elementor-id=\"446\" class=\"elementor elementor-446\" data-elementor-post-type=\"page\">\n\t\t\t\t<div class=\"elementor-element elementor-element-462f64f8 e-flex e-con-boxed e-con e-parent\" data-id=\"462f64f8\" data-element_type=\"container\" data-e-type=\"container\" data-settings=\"{&quot;background_background&quot;:&quot;classic&quot;}\">\n\t\t\t\t\t<div class=\"e-con-inner\">\n\t\t\t\t<div class=\"elementor-element elementor-element-9224fcc elementor-view-default elementor-widget elementor-widget-icon\" data-id=\"9224fcc\" data-element_type=\"widget\" data-e-type=\"widget\" data-widget_type=\"icon.default\">\n\t\t\t\t<div class=\"elementor-widget-container\">\n\t\t\t\t\t\t\t<div class=\"elementor-icon-wrapper\">\n\t\t\t<div class=\"elementor-icon\">\n\t\t\t<svg xmlns=\"http:\/\/www.w3.org\/2000\/svg\" width=\"800px\" height=\"800px\" viewBox=\"0 0 24 24\" fill=\"none\"><path d=\"M3 18H21M12 6V4M4 15V14C4 9.58172 7.58172 6 12 6V6C16.4183 6 20 9.58172 20 14V15H4Z\" stroke=\"#000000\" stroke-width=\"2\" stroke-linecap=\"round\" stroke-linejoin=\"round\"><\/path><\/svg>\t\t\t<\/div>\n\t\t<\/div>\n\t\t\t\t\t\t<\/div>\n\t\t\t\t<\/div>\n\t\t\t\t<div class=\"elementor-element elementor-element-64449d87 elementor-widget elementor-widget-heading\" data-id=\"64449d87\" data-element_type=\"widget\" data-e-type=\"widget\" data-widget_type=\"heading.default\">\n\t\t\t\t<div class=\"elementor-widget-container\">\n\t\t\t\t\t<h6 class=\"elementor-heading-title elementor-size-default\">Servi\u00e7os Inclusos no<\/h6>\t\t\t\t<\/div>\n\t\t\t\t<\/div>\n\t\t\t\t<div class=\"elementor-element elementor-element-1a8fc659 elementor-widget elementor-widget-heading\" data-id=\"1a8fc659\" data-element_type=\"widget\" data-e-type=\"widget\" data-widget_type=\"heading.default\">\n\t\t\t\t<div class=\"elementor-widget-container\">\n\t\t\t\t\t<h1 class=\"elementor-heading-title elementor-size-default\">Servi\u00e7o de Quarto<\/h1>\t\t\t\t<\/div>\n\t\t\t\t<\/div>\n\t\t\t\t<div class=\"elementor-element elementor-element-27ed7272 elementor-widget elementor-widget-heading\" data-id=\"27ed7272\" data-element_type=\"widget\" data-e-type=\"widget\" data-widget_type=\"heading.default\">\n\t\t\t\t<div class=\"elementor-widget-container\">\n\t\t\t\t\t<h5 class=\"elementor-heading-title elementor-size-default\">Nosso Room Service oferece uma sele\u00e7\u00e3o especial para tornar sua experi\u00eancia ainda mais deliciosa!<\/h5>\t\t\t\t<\/div>\n\t\t\t\t<\/div>\n\t\t<div class=\"elementor-element elementor-element-95002d9 e-con-full e-grid e-con e-child\" data-id=\"95002d9\" data-element_type=\"container\" data-e-type=\"container\">\n\t\t\t\t<div class=\"elementor-element elementor-element-82b4469 elementor-position-inline-start animated-slow elementor-mobile-position-inline-start elementor-view-default elementor-invisible elementor-widget elementor-widget-icon-box\" data-id=\"82b4469\" data-element_type=\"widget\" data-e-type=\"widget\" data-settings=\"{&quot;_animation&quot;:&quot;fadeIn&quot;,&quot;_animation_delay&quot;:&quot;0&quot;}\" data-widget_type=\"icon-box.default\">\n\t\t\t\t<div class=\"elementor-widget-container\">\n\t\t\t\t\t\t\t<div class=\"elementor-icon-box-wrapper\">\n\n\t\t\t\t\t\t<div class=\"elementor-icon-box-icon\">\n\t\t\t\t<span  class=\"elementor-icon elementor-animation-grow\">\n\t\t\t\t<svg xmlns=\"http:\/\/www.w3.org\/2000\/svg\" width=\"800px\" height=\"800px\" viewBox=\"0 0 24 24\" fill=\"none\"><path fill-rule=\"evenodd\" clip-rule=\"evenodd\" d=\"M8.18092 2.56556C7.90392 3.05195 7.65396 3.65447 7.416 4.36507C5.57795 9.34447 2.73476 16.6246 1.36225 20.12C0.73894 21.7073 2.25721 23.2963 3.87117 22.7465C7.38796 21.5484 14.6626 19.0869 19.6353 17.5194L19.6504 17.5145C20.3639 17.277 20.9659 17.0333 21.4491 16.7641C21.9273 16.4977 22.3551 16.1704 22.6426 15.7347C23.2987 14.7406 22.9351 13.6998 22.5012 12.8954C19.7712 7.83439 16.3585 4.2775 12.0968 1.5703C11.6898 1.31179 11.2341 1.09226 10.7418 1.02286C10.2141 0.948472 9.69595 1.05467 9.22968 1.36307C8.79315 1.65181 8.45686 2.08103 8.18092 2.56556ZM15.0912 9.09151C13.5105 7.4048 11.7893 5.97947 9.55526 4.3325C9.6817 4.01505 9.80284 3.75901 9.91885 3.55532C10.1115 3.21703 10.2575 3.08115 10.333 3.03119C10.3788 3.0009 10.4025 2.99481 10.4626 3.00327C10.5579 3.01672 10.7358 3.07517 11.0244 3.25848C14.994 5.78016 18.1714 9.08132 20.741 13.8449C21.0989 14.5085 20.9833 14.6233 20.9739 14.6325L20.9734 14.6331C20.9318 14.696 20.8089 14.8313 20.4757 15.017C20.2861 15.1226 20.0491 15.2333 19.7558 15.3501C18.0975 12.7134 16.6772 10.7839 15.0912 9.09151ZM13.6318 10.4591C15.0211 11.9415 16.2981 13.6452 17.8022 16.0033C12.9009 17.5716 6.46194 19.751 3.22621 20.8533L3.22459 20.8538L3.22391 20.8531L3.22329 20.8525L3.22387 20.851C4.48689 17.6345 7.00299 11.1934 8.83498 6.28876C10.7878 7.75003 12.2738 9.00998 13.6318 10.4591ZM10 13C11.1046 13 12 12.1046 12 11C12 9.89545 11.1046 9.00002 10 9.00002C8.89543 9.00002 8 9.89545 8 11C8 12.1046 8.89543 13 10 13ZM10 16C10 17.1046 9.10457 18 8 18C6.89543 18 6 17.1046 6 16C6 14.8954 6.89543 14 8 14C9.10457 14 10 14.8954 10 16ZM13 17C14.1046 17 15 16.1046 15 15C15 13.8954 14.1046 13 13 13C11.8954 13 11 13.8954 11 15C11 16.1046 11.8954 17 13 17Z\" fill=\"#000000\"><\/path><\/svg>\t\t\t\t<\/span>\n\t\t\t<\/div>\n\t\t\t\n\t\t\t\t\t\t<div class=\"elementor-icon-box-content\">\n\n\t\t\t\t\t\t\t\t\t<h3 class=\"elementor-icon-box-title\">\n\t\t\t\t\t\t<span  >\n\t\t\t\t\t\t\tPizzaria\t\t\t\t\t\t<\/span>\n\t\t\t\t\t<\/h3>\n\t\t\t\t\n\t\t\t\t\t\t\t\t\t<p class=\"elementor-icon-box-description\">\n\t\t\t\t\t\tSabores variados para agradar todos os paladares.<br>  <p><strong style=\"color: #BD9D1C\">*Aberto de 19h as 22:30h<\/strong><\/p>\n\t\t\t\t\t<\/p>\n\t\t\t\t\n\t\t\t<\/div>\n\t\t\t\n\t\t<\/div>\n\t\t\t\t\t\t<\/div>\n\t\t\t\t<\/div>\n\t\t\t\t<div class=\"elementor-element elementor-element-0a29fbb elementor-position-inline-start animated-slow elementor-mobile-position-inline-start elementor-view-default elementor-invisible elementor-widget elementor-widget-icon-box\" data-id=\"0a29fbb\" data-element_type=\"widget\" data-e-type=\"widget\" data-settings=\"{&quot;_animation&quot;:&quot;fadeIn&quot;,&quot;_animation_delay&quot;:&quot;0&quot;}\" data-widget_type=\"icon-box.default\">\n\t\t\t\t<div class=\"elementor-widget-container\">\n\t\t\t\t\t\t\t<div class=\"elementor-icon-box-wrapper\">\n\n\t\t\t\t\t\t<div class=\"elementor-icon-box-icon\">\n\t\t\t\t<span  class=\"elementor-icon elementor-animation-grow\">\n\t\t\t\t<svg xmlns=\"http:\/\/www.w3.org\/2000\/svg\" width=\"800px\" height=\"800px\" viewBox=\"0 0 24 24\" id=\"Layer_1\" data-name=\"Layer 1\"><defs><style>.cls-1{fill:none;stroke:#020202;stroke-miterlimit:10;stroke-width:1.91px;}<\/style><\/defs><path class=\"cls-1\" d=\"M21.19,13.16a4.21,4.21,0,0,1,.36,1.7,4.3,4.3,0,0,1-4.3,4.3H6.75a4.29,4.29,0,0,1-4.3-4.3,4.21,4.21,0,0,1,.36-1.7\"><\/path><path class=\"cls-1\" d=\"M9.14,12.61c-2.72.24-5,.71-6.33.55C2,13.08,1.5,12.75,1.5,12c0-2,3.23-4.94,7.64-5.89\"><\/path><path class=\"cls-1\" d=\"M14.86,6.11C19.27,7.06,22.5,10,22.5,12c0,.75-.48,1.08-1.31,1.16-1.33.16-3.61-.31-6.33-.55\"><\/path><path class=\"cls-1\" d=\"M10,4.84H14a.83.83,0,0,1,.83.83V19.16a0,0,0,0,1,0,0H9.14a0,0,0,0,1,0,0V5.67A.83.83,0,0,1,10,4.84Z\"><\/path><line class=\"cls-1\" x1=\"18.68\" y1=\"10.57\" x2=\"18.68\" y2=\"7.7\"><\/line><line class=\"cls-1\" x1=\"5.32\" y1=\"10.57\" x2=\"5.32\" y2=\"7.7\"><\/line><\/svg>\t\t\t\t<\/span>\n\t\t\t<\/div>\n\t\t\t\n\t\t\t\t\t\t<div class=\"elementor-icon-box-content\">\n\n\t\t\t\t\t\t\t\t\t<h3 class=\"elementor-icon-box-title\">\n\t\t\t\t\t\t<span  >\n\t\t\t\t\t\t\tSushi\t\t\t\t\t\t<\/span>\n\t\t\t\t\t<\/h3>\n\t\t\t\t\n\t\t\t\t\t\t\t\t\t<p class=\"elementor-icon-box-description\">\n\t\t\t\t\t\tPerfeito para quem aprecia uma culin\u00e1ria leve, equilibrada e cheia de requinte.  <br>\n\n<p><strong style=\"color: #BD9D1C\">*Aberto de 19h as 22:30h<\/strong><\/p>\n\t\t\t\t\t<\/p>\n\t\t\t\t\n\t\t\t<\/div>\n\t\t\t\n\t\t<\/div>\n\t\t\t\t\t\t<\/div>\n\t\t\t\t<\/div>\n\t\t\t\t<div class=\"elementor-element elementor-element-17719b1 elementor-position-inline-start animated-slow elementor-mobile-position-inline-start elementor-view-default elementor-invisible elementor-widget elementor-widget-icon-box\" data-id=\"17719b1\" data-element_type=\"widget\" data-e-type=\"widget\" data-settings=\"{&quot;_animation&quot;:&quot;fadeIn&quot;,&quot;_animation_delay&quot;:&quot;0&quot;}\" data-widget_type=\"icon-box.default\">\n\t\t\t\t<div class=\"elementor-widget-container\">\n\t\t\t\t\t\t\t<div class=\"elementor-icon-box-wrapper\">\n\n\t\t\t\t\t\t<div class=\"elementor-icon-box-icon\">\n\t\t\t\t<span  class=\"elementor-icon elementor-animation-grow\">\n\t\t\t\t<svg xmlns=\"http:\/\/www.w3.org\/2000\/svg\" xmlns:xlink=\"http:\/\/www.w3.org\/1999\/xlink\" fill=\"#000000\" height=\"800px\" width=\"800px\" id=\"Layer_1\" viewBox=\"0 0 512 512\" xml:space=\"preserve\"><g>\t<g>\t\t<path d=\"M489.796,341.243c-6.432-55.636-53.823-98.973-111.154-98.973H270.287l7.947-100.58h7.402   c4.607,0,8.993-1.975,12.046-5.424c3.054-3.449,4.482-8.042,3.924-12.615l-9.263-75.859c-0.986-8.071-7.84-14.139-15.971-14.139   h-25.126v-2.399c0-8.885-7.204-16.089-16.089-16.089H66.565c-8.885,0-16.089,7.204-16.089,16.089v2.399H25.352   c-8.131,0-14.985,6.068-15.97,14.139L0.119,123.65c-0.559,4.573,0.87,9.165,3.924,12.615c3.054,3.45,7.44,5.424,12.046,5.424   h7.402l25.656,324.708c0.662,8.368,7.644,14.821,16.04,14.821h73.925c11.617,9.739,26.575,15.617,42.884,15.617h241.697   c36.864,0,66.856-29.992,66.856-66.857v-6.878C503.492,414.197,512,399.288,512,382.424   C512,365.237,503.162,350.081,489.796,341.243z M378.642,274.447c36.659,0,67.599,24.878,76.873,58.633H150.17   c9.275-33.754,40.214-58.633,76.873-58.633H378.642z M34.262,109.511l5.334-43.68H262.13l5.333,43.68H34.262z M80.053,449.041   L55.77,141.69h190.186l-7.947,100.58h-10.965c-57.331,0-104.722,43.338-111.154,98.974c-13.365,8.838-22.204,23.994-22.204,41.182   c0,16.863,8.508,31.772,21.452,40.676v6.878c0,6.622,0.983,13.017,2.784,19.062H80.053z M423.693,464.657H181.995   c-18.521,0-33.698-14.595-34.632-32.888h310.962C457.389,450.063,442.213,464.657,423.693,464.657z M462.656,399.591H143.03   c-9.466,0-17.166-7.701-17.166-17.166c0-9.466,7.701-17.167,17.166-17.167h319.626c9.465,0,17.166,7.701,17.166,17.167   C479.822,391.891,472.121,399.591,462.656,399.591z\"><\/path>\t<\/g><\/g><\/svg>\t\t\t\t<\/span>\n\t\t\t<\/div>\n\t\t\t\n\t\t\t\t\t\t<div class=\"elementor-icon-box-content\">\n\n\t\t\t\t\t\t\t\t\t<h3 class=\"elementor-icon-box-title\">\n\t\t\t\t\t\t<span  >\n\t\t\t\t\t\t\tSandu\u00edches\t\t\t\t\t\t<\/span>\n\t\t\t\t\t<\/h3>\n\t\t\t\t\n\t\t\t\t\t\t\t\t\t<p class=\"elementor-icon-box-description\">\n\t\t\t\t\t\tOp\u00e7\u00f5es saborosas e pr\u00e1ticas para qualquer momento.\t\t\t\t\t<\/p>\n\t\t\t\t\n\t\t\t<\/div>\n\t\t\t\n\t\t<\/div>\n\t\t\t\t\t\t<\/div>\n\t\t\t\t<\/div>\n\t\t\t\t<div class=\"elementor-element elementor-element-2ee4c73 elementor-position-inline-start animated-slow elementor-mobile-position-inline-start elementor-view-default elementor-invisible elementor-widget elementor-widget-icon-box\" data-id=\"2ee4c73\" data-element_type=\"widget\" data-e-type=\"widget\" data-settings=\"{&quot;_animation&quot;:&quot;fadeIn&quot;,&quot;_animation_delay&quot;:&quot;0&quot;}\" data-widget_type=\"icon-box.default\">\n\t\t\t\t<div class=\"elementor-widget-container\">\n\t\t\t\t\t\t\t<div class=\"elementor-icon-box-wrapper\">\n\n\t\t\t\t\t\t<div class=\"elementor-icon-box-icon\">\n\t\t\t\t<span  class=\"elementor-icon elementor-animation-grow\">\n\t\t\t\t<svg xmlns=\"http:\/\/www.w3.org\/2000\/svg\" width=\"800px\" height=\"800px\" viewBox=\"0 0 24 24\" fill=\"none\"><path d=\"M7 11V18C7 19.1046 7.89543 20 9 20H14C15.1046 20 16 19.1046 16 18V18M7 11C8.30797 11 9.42043 10.163 9.83095 8.99532C9.8869 8.99843 9.94327 9 10 9C10.8885 9 11.6868 8.61375 12.2361 8H15.5C16.3284 8 17 7.32843 17 6.5C17 5.67157 16.3284 5 15.5 5H12.8293C12.4175 3.83481 11.3062 3 10 3C8.69203 3 7.57957 3.83704 7.16905 5.00468C7.1131 5.00157 7.05673 5 7 5C5.34315 5 4 6.34315 4 8C4 9.65685 5.34315 11 7 11ZM16 8V10M16 10H18C19.1046 10 20 10.8954 20 12V16C20 17.1046 19.1046 18 18 18H16M16 10V18\" stroke=\"#000000\" stroke-width=\"2\" stroke-linecap=\"round\" stroke-linejoin=\"round\"><\/path><\/svg>\t\t\t\t<\/span>\n\t\t\t<\/div>\n\t\t\t\n\t\t\t\t\t\t<div class=\"elementor-icon-box-content\">\n\n\t\t\t\t\t\t\t\t\t<h3 class=\"elementor-icon-box-title\">\n\t\t\t\t\t\t<span  >\n\t\t\t\t\t\t\tCombos de Bebidas\t\t\t\t\t\t<\/span>\n\t\t\t\t\t<\/h3>\n\t\t\t\t\n\t\t\t\t\t\t\t\t\t<p class=\"elementor-icon-box-description\">\n\t\t\t\t\t\tCervejas, Espumantes, Destilados e Vinhos.\t\t\t\t\t<\/p>\n\t\t\t\t\n\t\t\t<\/div>\n\t\t\t\n\t\t<\/div>\n\t\t\t\t\t\t<\/div>\n\t\t\t\t<\/div>\n\t\t\t\t<\/div>\n\t\t\t\t\t<\/div>\n\t\t\t\t<\/div>\n\t\t<div class=\"elementor-element elementor-element-6339d53 e-flex e-con-boxed e-con e-parent\" data-id=\"6339d53\" data-element_type=\"container\" data-e-type=\"container\">\n\t\t\t\t\t<div class=\"e-con-inner\">\n\t\t\t\t<div class=\"elementor-element elementor-element-6f3e67f elementor-widget elementor-widget-heading\" data-id=\"6f3e67f\" data-element_type=\"widget\" data-e-type=\"widget\" data-widget_type=\"heading.default\">\n\t\t\t\t<div class=\"elementor-widget-container\">\n\t\t\t\t\t<h6 class=\"elementor-heading-title elementor-size-default\">*Demais itens do card\u00e1pio atendimento exclusivo no restaurante \/ bar <\/h6>\t\t\t\t<\/div>\n\t\t\t\t<\/div>\n\t\t\t\t\t<\/div>\n\t\t\t\t<\/div>\n\t\t<a class=\"elementor-element elementor-element-3c567cf e-flex e-con-boxed e-con e-parent\" data-id=\"3c567cf\" data-element_type=\"container\" data-e-type=\"container\" data-settings=\"{&quot;background_background&quot;:&quot;classic&quot;,&quot;sticky&quot;:&quot;bottom&quot;,&quot;sticky_on&quot;:[&quot;desktop&quot;,&quot;tablet&quot;,&quot;mobile&quot;],&quot;sticky_offset&quot;:0,&quot;sticky_effects_offset&quot;:0,&quot;sticky_anchor_link_offset&quot;:0}\" href=\"https:\/\/api.whatsapp.com\/send?phone=556295602021\">\n\t\t\t\t\t<div class=\"e-con-inner\">\n\t\t\t\t<div class=\"elementor-element elementor-element-045e60a elementor-icon-list--layout-inline elementor-align-center elementor-list-item-link-full_width elementor-widget elementor-widget-icon-list\" data-id=\"045e60a\" data-element_type=\"widget\" data-e-type=\"widget\" data-widget_type=\"icon-list.default\">\n\t\t\t\t<div class=\"elementor-widget-container\">\n\t\t\t\t\t\t\t<ul class=\"elementor-icon-list-items elementor-inline-items\">\n\t\t\t\t\t\t\t<li class=\"elementor-icon-list-item elementor-inline-item\">\n\t\t\t\t\t\t\t\t\t\t\t<span class=\"elementor-icon-list-icon\">\n\t\t\t\t\t\t\t<svg aria-hidden=\"true\" class=\"e-font-icon-svg e-fas-shopping-cart\" viewBox=\"0 0 576 512\" xmlns=\"http:\/\/www.w3.org\/2000\/svg\"><path d=\"M528.12 301.319l47.273-208C578.806 78.301 567.391 64 551.99 64H159.208l-9.166-44.81C147.758 8.021 137.93 0 126.529 0H24C10.745 0 0 10.745 0 24v16c0 13.255 10.745 24 24 24h69.883l70.248 343.435C147.325 417.1 136 435.222 136 456c0 30.928 25.072 56 56 56s56-25.072 56-56c0-15.674-6.447-29.835-16.824-40h209.647C430.447 426.165 424 440.326 424 456c0 30.928 25.072 56 56 56s56-25.072 56-56c0-22.172-12.888-41.332-31.579-50.405l5.517-24.276c3.413-15.018-8.002-29.319-23.403-29.319H218.117l-6.545-32h293.145c11.206 0 20.92-7.754 23.403-18.681z\"><\/path><\/svg>\t\t\t\t\t\t<\/span>\n\t\t\t\t\t\t\t\t\t\t<span class=\"elementor-icon-list-text\">Fazer Pedido!<\/span>\n\t\t\t\t\t\t\t\t\t<\/li>\n\t\t\t\t\t\t<\/ul>\n\t\t\t\t\t\t<\/div>\n\t\t\t\t<\/div>\n\t\t\t\t\t<\/div>\n\t\t\t\t<\/a>\n\t\t\t\t<\/div>\n\t\t","protected":false},"excerpt":{"rendered":"<p>Servi\u00e7os Inclusos no Servi\u00e7o de Quarto Nosso Room Service oferece uma sele\u00e7\u00e3o especial para tornar sua experi\u00eancia ainda mais deliciosa! Pizzaria Sabores variados para agradar todos os paladares. *Aberto de 19h as 22:30h Sushi Perfeito para quem aprecia uma culin\u00e1ria leve, equilibrada e cheia de requinte. *Aberto de 19h as 22:30h Sandu\u00edches Op\u00e7\u00f5es saborosas e [&hellip;]<\/p>\n","protected":false},"author":1,"featured_media":0,"parent":0,"menu_order":0,"comment_status":"closed","ping_status":"closed","template":"elementor_header_footer","meta":{"footnotes":""},"class_list":["post-446","page","type-page","status-publish","hentry"],"_links":{"self":[{"href":"https:\/\/villadocomendador.com.br\/app\/wp-json\/wp\/v2\/pages\/446","targetHints":{"allow":["GET"]}}],"collection":[{"href":"https:\/\/villadocomendador.com.br\/app\/wp-json\/wp\/v2\/pages"}],"about":[{"href":"https:\/\/villadocomendador.com.br\/app\/wp-json\/wp\/v2\/types\/page"}],"author":[{"embeddable":true,"href":"https:\/\/villadocomendador.com.br\/app\/wp-json\/wp\/v2\/users\/1"}],"replies":[{"embeddable":true,"href":"https:\/\/villadocomendador.com.br\/app\/wp-json\/wp\/v2\/comments?post=446"}],"version-history":[{"count":154,"href":"https:\/\/villadocomendador.com.br\/app\/wp-json\/wp\/v2\/pages\/446\/revisions"}],"predecessor-version":[{"id":616,"href":"https:\/\/villadocomendador.com.br\/app\/wp-json\/wp\/v2\/pages\/446\/revisions\/616"}],"wp:attachment":[{"href":"https:\/\/villadocomendador.com.br\/app\/wp-json\/wp\/v2\/media?parent=446"}],"curies":[{"name":"wp","href":"https:\/\/api.w.org\/{rel}","templated":true}]}}